{"id":12,"date":"2012-07-22T14:55:01","date_gmt":"2012-07-22T12:55:01","guid":{"rendered":"http:\/\/www.probst-obst.de\/wordpress\/?page_id=12"},"modified":"2018-06-02T17:31:21","modified_gmt":"2018-06-02T15:31:21","slug":"apfelmost","status":"publish","type":"page","link":"http:\/\/www.probst-obst.de\/?page_id=12","title":{"rendered":"Apfelmost der Familie Probst"},"content":{"rendered":"<p>Apfelmost ist mehr als nur vergorener Apfelsaft, es ist ein schw\u00e4bisches Hausgetr\u00e4nk mit langer Tradition im Hause Probst. Seit vielen Jahrzehnten wird dieses von der Familie Probst mit einem sehr hohen Anspruch an Geschmack und Qualit\u00e4t hergestellt. Um die gew\u00fcnschte Qualit\u00e4t zu erreichen, wird er aus sorgf\u00e4ltig ausgesuchen Apfelsorten und im eigenen Keller gekeltert.<\/p>\n<p>Genie\u00dfen Sie den Apfelmost der Familie Probst. T<img loading=\"lazy\" class=\"alignright wp-image-344 \" src=\"http:\/\/www.probst-obst.de\/wordpress\/wp-content\/uploads\/2018\/06\/Apfelmost-225x300.png\" alt=\"\" width=\"183\" height=\"244\" srcset=\"http:\/\/www.probst-obst.de\/wordpress\/wp-content\/uploads\/2018\/06\/Apfelmost-225x300.png 225w, http:\/\/www.probst-obst.de\/wordpress\/wp-content\/uploads\/2018\/06\/Apfelmost.png 600w\" sizes=\"(max-width: 183px) 100vw, 183px\" \/>raditionelle Zubereitung auf h\u00f6chstem Niveau, guter Geschmack von auserw\u00e4hlten Sorten zu Apfelwein verarbeitet.<\/p>\n<p>Direkt vom Fass in unserem Hofladen in Flaschen oder als Bag-In-Box erh\u00e4ltlich.<\/p>\n<p>F\u00fcr Gastronomie und Schankanlagen bieten wir unseren selbstgemachten Apfelmost auf Bestellung auch in Kegf\u00e4ssern f\u00fcr Schankanlagen an.<\/p>\n<p>Wir beraten Sie gerne!<\/p>\n<p><strong>Bernhard Probst &#8211; Telefon: 0170-6318232<\/strong><\/p>\n<p><img loading=\"lazy\" class=\"alignleft size-large wp-image-349\" src=\"http:\/\/www.probst-obst.de\/wordpress\/wp-content\/uploads\/2018\/06\/Apfelmost_Back-1024x576.png\" alt=\"\" width=\"860\" height=\"484\" srcset=\"http:\/\/www.probst-obst.de\/wordpress\/wp-content\/uploads\/2018\/06\/Apfelmost_Back-1024x576.png 1024w, http:\/\/www.probst-obst.de\/wordpress\/wp-content\/uploads\/2018\/06\/Apfelmost_Back-300x169.png 300w, http:\/\/www.probst-obst.de\/wordpress\/wp-content\/uploads\/2018\/06\/Apfelmost_Back-768x432.png 768w, http:\/\/www.probst-obst.de\/wordpress\/wp-content\/uploads\/2018\/06\/Apfelmost_Back.png 1440w\" sizes=\"(max-width: 860px) 100vw, 860px\" \/><\/p>\n","protected":false},"excerpt":{"rendered":"<p>Apfelmost ist mehr als nur vergorener Apfelsaft, es ist ein schw\u00e4bisches Hausgetr\u00e4nk mit langer Tradition im Hause Probst. Seit vielen Jahrzehnten wird dieses von der Familie Probst mit einem sehr hohen Anspruch an Geschmack und Qualit\u00e4t hergestellt. Um die gew\u00fcnschte Qualit\u00e4t zu erreichen, wird er aus sorgf\u00e4ltig ausgesuchen Apfelsorten und im eigenen Keller gekeltert. Genie\u00dfen Sie den Apfelmost der Familie<\/p>\n","protected":false},"author":1,"featured_media":0,"parent":0,"menu_order":2,"comment_status":"closed","ping_status":"closed","template":"","meta":{"ngg_post_thumbnail":0},"_links":{"self":[{"href":"http:\/\/www.probst-obst.de\/index.php?rest_route=\/wp\/v2\/pages\/12"}],"collection":[{"href":"http:\/\/www.probst-obst.de\/index.php?rest_route=\/wp\/v2\/pages"}],"about":[{"href":"http:\/\/www.probst-obst.de\/index.php?rest_route=\/wp\/v2\/types\/page"}],"author":[{"embeddable":true,"href":"http:\/\/www.probst-obst.de\/index.php?rest_route=\/wp\/v2\/users\/1"}],"replies":[{"embeddable":true,"href":"http:\/\/www.probst-obst.de\/index.php?rest_route=%2Fwp%2Fv2%2Fcomments&post=12"}],"version-history":[{"count":13,"href":"http:\/\/www.probst-obst.de\/index.php?rest_route=\/wp\/v2\/pages\/12\/revisions"}],"predecessor-version":[{"id":350,"href":"http:\/\/www.probst-obst.de\/index.php?rest_route=\/wp\/v2\/pages\/12\/revisions\/350"}],"wp:attachment":[{"href":"http:\/\/www.probst-obst.de\/index.php?rest_route=%2Fwp%2Fv2%2Fmedia&parent=12"}],"curies":[{"name":"wp","href":"https:\/\/api.w.org\/{rel}","templated":true}]}}