{"id":14,"date":"2012-07-22T14:55:37","date_gmt":"2012-07-22T12:55:37","guid":{"rendered":"http:\/\/www.probst-obst.de\/wordpress\/?page_id=14"},"modified":"2018-06-02T17:11:55","modified_gmt":"2018-06-02T15:11:55","slug":"mostfest","status":"publish","type":"page","link":"http:\/\/www.probst-obst.de\/?page_id=14","title":{"rendered":"Mostfest"},"content":{"rendered":"<p><strong>Information<\/strong><\/p>\n<p><span style=\"color: #000000;\">Nach 30 Jahren Mostfest erlauben wir uns eine sch\u00f6pferische Pause, so haben wir uns entschieden im Moment kein Mostfest zu veranstalten.<\/span><\/p>\n<p><span style=\"color: #000000;\">Sicherlich haben Sie alle daf\u00fcr Verst\u00e4ndnis. Sie k\u00f6nnen sicher sein, dass uns diese Entscheidung nicht leicht gefallen ist&#8230;!!! \ud83d\ude41<\/span><\/p>\n<p><span style=\"color: #000000;\">Nat\u00fcrlich geben wir unser Mostfest nicht aus den H\u00e4nden und Sie k\u00f6nnen sicher sein&#8230; Irgendwann, irgendwie, sehen wir uns sicher WIEDER!!!<\/span><\/p>\n<p><span style=\"color: #000000;\">Es gr\u00fc\u00dft Sie die ganze Familie Probst mit dem gesamten Mostfest-Team.<\/span><\/p>\n<p><span style=\"color: #000000;\">Und wir freuen uns auf ein Wiedersehen!!! \ud83d\ude42<\/span><\/p>\n<p>&nbsp;<\/p>\n<p><img loading=\"lazy\" class=\"alignleft size-full wp-image-108\" title=\"mostfest1\" src=\"http:\/\/www.probst-obst.de\/wordpress\/wp-content\/uploads\/2012\/07\/mostfest1.jpg\" alt=\"\" width=\"200\" height=\"150\" \/><\/p>\n<p><strong>30 Jahre Probst\u00b4s Mostfest<\/strong><\/p>\n<p>In 2015 veranstaltete die Familie Probst das\u00a0 Mostfest zum 30. mal, direkt auf ihrem Hof in Walchesreute. Begonnen hat das Fest auf Initiative des leider viel zu fr\u00fch verstorbenen Vater des Betriebes Bernhard Probst sen..<br \/>\nMit den Jahren wurde das Fest immer gr\u00f6\u00dfer und gr\u00f6\u00dfer und lockte einheimische, benachbarte Besucher sowie Bodenseetouristen allj\u00e4hrlich zu\u00a0 dem drei Tage dauernden Spektakel ein.<\/p>\n<p><img loading=\"lazy\" class=\"alignleft size-full wp-image-111\" title=\"mostfest4\" src=\"http:\/\/www.probst-obst.de\/wordpress\/wp-content\/uploads\/2012\/07\/mostfest4.jpg\" alt=\"\" width=\"200\" height=\"150\" \/>Dieses Fest trug wesentlich dazu bei, dass der Apfelwein (Most) am Bodensee wieder seine Beliebtheit bei Alt und Jung zur\u00fcck erlangte. Dies ist eines der gr\u00f6\u00dften Anliegen der Familie Probst. Bernhard Probst jun. nimmt sich unendlich viel Zeit daf\u00fcr Most in Weinqualit\u00e4t produzieren und anzubieten. Dies ist ihm auch \u00fcber alle die Jahre gelungen und hat sich damit einen weitverbreitenden Namen in Sachen Most erarbeitet.<\/p>\n<p>Humane Preise, originelle Vesperspeisen, uriges Ambiente, Rockmusik und Volksmusik bieten jeder Altersklasse drei Tage Programm nach Belieben. Ob im ehemaligen Kuhlstall, in der Bar \u201eZur Tenne\u201c, im Zeltanbau \u00fcberall findet man heitere zufriedene G\u00e4ste.<br \/>\n<img loading=\"lazy\" class=\"alignleft size-full wp-image-109\" title=\"mostfest2\" src=\"http:\/\/www.probst-obst.de\/wordpress\/wp-content\/uploads\/2012\/07\/mostfest2.jpg\" alt=\"\" width=\"200\" height=\"150\" \/>Auch unter Musikern ist der Sonntag des Festes ein bekannter und fester zu planender Termin. Seit vielen Jahren inszenierte Bernhard Probst ein Musikanten-Treffen, ganz unter dem Motto: \u201eWer Freude am Spiel hat bringt sein Instrument mit!\u201c Von Tuba \u00fcber Trompete, Posaune, Sax, Klarinette, Akkordeon, usw. bis hin zur Singenden S\u00e4ge und zum Xylophon ist alles mit dabei.<\/p>\n","protected":false},"excerpt":{"rendered":"<p>Information Nach 30 Jahren Mostfest erlauben wir uns eine sch\u00f6pferische Pause, so haben wir uns entschieden im Moment kein Mostfest zu veranstalten. Sicherlich haben Sie alle daf\u00fcr Verst\u00e4ndnis. Sie k\u00f6nnen sicher sein, dass uns diese Entscheidung nicht leicht gefallen ist&#8230;!!! \ud83d\ude41 Nat\u00fcrlich geben wir unser Mostfest nicht aus den H\u00e4nden und Sie k\u00f6nnen sicher sein&#8230; Irgendwann, irgendwie, sehen wir uns<\/p>\n","protected":false},"author":1,"featured_media":0,"parent":0,"menu_order":3,"comment_status":"closed","ping_status":"closed","template":"","meta":{"ngg_post_thumbnail":0},"_links":{"self":[{"href":"http:\/\/www.probst-obst.de\/index.php?rest_route=\/wp\/v2\/pages\/14"}],"collection":[{"href":"http:\/\/www.probst-obst.de\/index.php?rest_route=\/wp\/v2\/pages"}],"about":[{"href":"http:\/\/www.probst-obst.de\/index.php?rest_route=\/wp\/v2\/types\/page"}],"author":[{"embeddable":true,"href":"http:\/\/www.probst-obst.de\/index.php?rest_route=\/wp\/v2\/users\/1"}],"replies":[{"embeddable":true,"href":"http:\/\/www.probst-obst.de\/index.php?rest_route=%2Fwp%2Fv2%2Fcomments&post=14"}],"version-history":[{"count":21,"href":"http:\/\/www.probst-obst.de\/index.php?rest_route=\/wp\/v2\/pages\/14\/revisions"}],"predecessor-version":[{"id":341,"href":"http:\/\/www.probst-obst.de\/index.php?rest_route=\/wp\/v2\/pages\/14\/revisions\/341"}],"wp:attachment":[{"href":"http:\/\/www.probst-obst.de\/index.php?rest_route=%2Fwp%2Fv2%2Fmedia&parent=14"}],"curies":[{"name":"wp","href":"https:\/\/api.w.org\/{rel}","templated":true}]}}