{"id":16,"date":"2012-07-22T14:56:09","date_gmt":"2012-07-22T12:56:09","guid":{"rendered":"http:\/\/www.probst-obst.de\/wordpress\/?page_id=16"},"modified":"2020-01-21T16:20:25","modified_gmt":"2020-01-21T14:20:25","slug":"kontakt-anfahrt","status":"publish","type":"page","link":"http:\/\/www.probst-obst.de\/?page_id=16","title":{"rendered":"Kontakt"},"content":{"rendered":"<p>Falls Sie Fragen und spezielle Kundenw\u00fcnsche haben, stehen wir Ihnen jederzeit zur Verf\u00fcgung. Gerne lassen wir Ihnen auch individuelle Angebote zukommen. Sie ben\u00f6tigen eine gr\u00f6\u00dfere Menge an \u00c4pfel? Ein Apfeltransport k\u00f6nnen wir gerne f\u00fcr Sie organisieren. Schn\u00e4pse verschicken wir f\u00fcr Sie per Paketdienst.<\/p>\n<p><strong>Probst Bernhard<\/strong><br \/>\nTettnanger Str. 68<br \/>\nD-88069 Tettnang am Bodensee<\/p>\n<p>Tel: +49(0)7542 4433<br \/>\nMobil: +49(0)170 6318232<br \/>\nFax: +49(0)7542 22440<\/p>\n<p>Email: <a href=\"mailto:info@probst-obst.de\">info@probst-obst.de<\/a><br \/>\nInternet : <a href=\"http:\/\/www.probst-obst.de\">www.probst-obst.de<\/a><\/p>\n<p><iframe loading=\"lazy\" style=\"border: 0;\" src=\"https:\/\/www.google.com\/maps\/embed?pb=!1m18!1m12!1m3!1d2689.2026358350345!2d9.546095951201334!3d47.67008997908685!2m3!1f0!2f0!3f0!3m2!1i1024!2i768!4f13.1!3m3!1m2!1s0x479b07425889c8a3%3A0xf7161f46bdd0e2eb!2sProbst+B.!5e1!3m2!1sde!2sde!4v1527951888818\" allowfullscreen=\"allowfullscreen\" width=\"600\" height=\"450\" frameborder=\"0\"><\/iframe><\/p>\n","protected":false},"excerpt":{"rendered":"<p>Falls Sie Fragen und spezielle Kundenw\u00fcnsche haben, stehen wir Ihnen jederzeit zur Verf\u00fcgung. Gerne lassen wir Ihnen auch individuelle Angebote zukommen. Sie ben\u00f6tigen eine gr\u00f6\u00dfere Menge an \u00c4pfel? Ein Apfeltransport k\u00f6nnen wir gerne f\u00fcr Sie organisieren. Schn\u00e4pse verschicken wir f\u00fcr Sie per Paketdienst. Probst Bernhard Tettnanger Str. 68 D-88069 Tettnang am Bodensee Tel: +49(0)7542 4433 Mobil: +49(0)170 6318232 Fax: +49(0)7542<\/p>\n","protected":false},"author":1,"featured_media":0,"parent":0,"menu_order":4,"comment_status":"closed","ping_status":"closed","template":"","meta":{"ngg_post_thumbnail":0},"_links":{"self":[{"href":"http:\/\/www.probst-obst.de\/index.php?rest_route=\/wp\/v2\/pages\/16"}],"collection":[{"href":"http:\/\/www.probst-obst.de\/index.php?rest_route=\/wp\/v2\/pages"}],"about":[{"href":"http:\/\/www.probst-obst.de\/index.php?rest_route=\/wp\/v2\/types\/page"}],"author":[{"embeddable":true,"href":"http:\/\/www.probst-obst.de\/index.php?rest_route=\/wp\/v2\/users\/1"}],"replies":[{"embeddable":true,"href":"http:\/\/www.probst-obst.de\/index.php?rest_route=%2Fwp%2Fv2%2Fcomments&post=16"}],"version-history":[{"count":20,"href":"http:\/\/www.probst-obst.de\/index.php?rest_route=\/wp\/v2\/pages\/16\/revisions"}],"predecessor-version":[{"id":401,"href":"http:\/\/www.probst-obst.de\/index.php?rest_route=\/wp\/v2\/pages\/16\/revisions\/401"}],"wp:attachment":[{"href":"http:\/\/www.probst-obst.de\/index.php?rest_route=%2Fwp%2Fv2%2Fmedia&parent=16"}],"curies":[{"name":"wp","href":"https:\/\/api.w.org\/{rel}","templated":true}]}}